{"id":66,"date":"2023-10-11T12:06:52","date_gmt":"2023-10-11T10:06:52","guid":{"rendered":"https:\/\/france-actu.eu\/blog\/?page_id=66"},"modified":"2023-10-11T12:06:52","modified_gmt":"2023-10-11T10:06:52","slug":"plan-du-site","status":"publish","type":"page","link":"https:\/\/france-actu.eu\/blog\/plan-du-site\/","title":{"rendered":"Plan du site"},"content":{"rendered":"<h2><a href=\"https:\/\/france-actu.eu\/blog\/a-la-une\/\" class=\"simple\">\u00c0 la une<\/a><\/h2><ul><li><a href=\"https:\/\/france-actu.eu\/blog\/a-la-une\/pourquoi-ces-maires-ruraux-refusent-de-baisser-les-bras\/\" class=\"simple\">Pourquoi ces maires ruraux refusent de baisser les bras ?<\/a><\/li><li><a href=\"https:\/\/france-actu.eu\/blog\/a-la-une\/visiter-porto\/\" class=\"simple\">Visiter Porto<\/a><\/li><li><a href=\"https:\/\/france-actu.eu\/blog\/a-la-une\/guide-formation-aide-a-la-personne-lancez-vous-vite\/\" class=\"simple\">Guide formation aide \u00e0 la personne : lancez-vous vite !<\/a><\/li><li><a href=\"https:\/\/france-actu.eu\/blog\/a-la-une\/coworking-spaces-in-paris-le-guide-ultime-pour-travailler-en-flexibilite\/\" class=\"simple\">Coworking Spaces in Paris : Le Guide Ultime pour Travailler en Flexibilit\u00e9<\/a><\/li><li><a href=\"https:\/\/france-actu.eu\/blog\/a-la-une\/mas-lauralie-escapade-de-charme-et-bien-etre-dans-les-cevennes\/\" class=\"simple\">Mas Lauralie : escapade de charme et bien-\u00eatre dans les C\u00e9vennes<\/a><\/li><li><a href=\"https:\/\/france-actu.eu\/blog\/a-la-une\/offres-demploi-bureau-detudes-velo-opportunites-2025\/\" class=\"simple\">Offres d&#039;Emploi Bureau d&#039;\u00c9tudes V\u00e9lo : Opportunit\u00e9s 2025<\/a><\/li><li><a href=\"https:\/\/france-actu.eu\/blog\/a-la-une\/comment-verifier-la-disponibilite-de-son-titre-de-sejour-en-region-parisienne\/\" class=\"simple\">Comment v\u00e9rifier la disponibilit\u00e9 de son titre de s\u00e9jour en r\u00e9gion parisienne<\/a><\/li><li><a href=\"https:\/\/france-actu.eu\/blog\/a-la-une\/calcul-remboursement-mutuelle-dentaire-simulateur-gratuit\/\" class=\"simple\">Calcul Remboursement Mutuelle Dentaire : Simulateur Gratuit<\/a><\/li><li><a href=\"https:\/\/france-actu.eu\/blog\/a-la-une\/voir-un-ecureuil-traverser-la-route-quelle-signification\/\" class=\"simple\">Voir un \u00e9cureuil traverser la route : quelle signification ?<\/a><\/li><li><a href=\"https:\/\/france-actu.eu\/blog\/a-la-une\/anvarol-avis\/\" class=\"simple\">Anvarol avis<\/a><\/li><li><a href=\"https:\/\/france-actu.eu\/blog\/a-la-une\/les-impactants-mouvements-culturels-dans-les-annees-2020\/\" class=\"simple\">Les impactants mouvements culturels dans les ann\u00e9es 2020<\/a><\/li><li><a href=\"https:\/\/france-actu.eu\/blog\/a-la-une\/les-reussites-de-la-france-dans-les-competitions-internationales\/\" class=\"simple\">Les r\u00e9ussites de la France dans les comp\u00e9titions internationales<\/a><\/li><li><a href=\"https:\/\/france-actu.eu\/blog\/a-la-une\/les-televisions-francaises-qui-changent-le-paysage-mediatique\/\" class=\"simple\">Les t\u00e9l\u00e9visions fran\u00e7aises qui changent le paysage m\u00e9diatique<\/a><\/li><li><a href=\"https:\/\/france-actu.eu\/blog\/a-la-une\/les-avancees-sociales-qui-faconnent-la-france-actuelle\/\" class=\"simple\">Les avanc\u00e9es sociales qui fa\u00e7onnent la France actuelle<\/a><\/li><li><a href=\"https:\/\/france-actu.eu\/blog\/a-la-une\/les-strategies-politiques-des-partis-francais-pour-2023\/\" class=\"simple\">Les strat\u00e9gies politiques des partis fran\u00e7ais pour 2023<\/a><\/li><li><a href=\"https:\/\/france-actu.eu\/blog\/a-la-une\/les-pratiques-sportives-en-pleine-croissance-en-france\/\" class=\"simple\">Les pratiques sportives en pleine croissance en France<\/a><\/li><li><a href=\"https:\/\/france-actu.eu\/blog\/a-la-une\/les-defis-du-logement-en-milieu-urbain-francais\/\" class=\"simple\">Les d\u00e9fis du logement en milieu urbain fran\u00e7ais<\/a><\/li><li><a href=\"https:\/\/france-actu.eu\/blog\/a-la-une\/les-festivals-culinaires-a-travers-la-france\/\" class=\"simple\">Les festivals culinaires \u00e0 travers la France<\/a><\/li><li><a href=\"https:\/\/france-actu.eu\/blog\/a-la-une\/les-entreprises-tech-francaises-a-suivre-de-pres\/\" class=\"simple\">Les entreprises tech fran\u00e7aises \u00e0 suivre de pr\u00e8s<\/a><\/li><li><a href=\"https:\/\/france-actu.eu\/blog\/a-la-une\/les-repercussions-de-la-politique-climatique-sur-leconomie\/\" class=\"simple\">Les r\u00e9percussions de la politique climatique sur l&#039;\u00e9conomie<\/a><\/li><li><a href=\"https:\/\/france-actu.eu\/blog\/a-la-une\/levolution-des-mentalites-autour-du-sport-en-france\/\" class=\"simple\">L\u2019\u00e9volution des mentalit\u00e9s autour du sport en France<\/a><\/li><li><a href=\"https:\/\/france-actu.eu\/blog\/a-la-une\/les-films-francais-les-plus-attendus-en-2023\/\" class=\"simple\">Les films fran\u00e7ais les plus attendus en 2023<\/a><\/li><li><a href=\"https:\/\/france-actu.eu\/blog\/a-la-une\/les-tendances-du-marche-de-lemploi-en-france\/\" class=\"simple\">Les tendances du march\u00e9 de l&#039;emploi en France<\/a><\/li><li><a href=\"https:\/\/france-actu.eu\/blog\/a-la-une\/limpact-des-crises-economiques-sur-la-societe-francaise\/\" class=\"simple\">L&#039;impact des crises \u00e9conomiques sur la soci\u00e9t\u00e9 fran\u00e7aise<\/a><\/li><li><a href=\"https:\/\/france-actu.eu\/blog\/a-la-une\/les-secrets-du-succes-des-entreprises-francaises\/\" class=\"simple\">Les secrets du succ\u00e8s des entreprises fran\u00e7aises<\/a><\/li><li><a href=\"https:\/\/france-actu.eu\/blog\/a-la-une\/les-athletes-francais-qui-marquent-lhistoire\/\" class=\"simple\">Les athl\u00e8tes fran\u00e7ais qui marquent l&#039;histoire<\/a><\/li><li><a href=\"https:\/\/france-actu.eu\/blog\/a-la-une\/les-chiffres-cles-du-tourisme-en-france-en-2023\/\" class=\"simple\">Les chiffres cl\u00e9s du tourisme en France en 2023<\/a><\/li><li><a href=\"https:\/\/france-actu.eu\/blog\/a-la-une\/les-nouvelles-oeuvres-a-decouvrir-au-musee-du-louvre\/\" class=\"simple\">Les nouvelles \u0153uvres \u00e0 d\u00e9couvrir au mus\u00e9e du Louvre<\/a><\/li><li><a href=\"https:\/\/france-actu.eu\/blog\/a-la-une\/les-nouvelles-armes-de-la-diplomatie-francaise\/\" class=\"simple\">Les nouvelles armes de la diplomatie fran\u00e7aise<\/a><\/li><li><a href=\"https:\/\/france-actu.eu\/blog\/a-la-une\/les-innovations-francaises-en-matiere-denergies-renouvelables\/\" class=\"simple\">Les innovations fran\u00e7aises en mati\u00e8re d&#039;\u00e9nergies renouvelables<\/a><\/li><li><a href=\"https:\/\/france-actu.eu\/blog\/a-la-une\/les-enjeux-demographiques-pour-la-france-dans-les-prochaines-annees\/\" class=\"simple\">Les enjeux d\u00e9mographiques pour la France dans les prochaines ann\u00e9es<\/a><\/li><li><a href=\"https:\/\/france-actu.eu\/blog\/a-la-une\/la-place-de-la-france-dans-le-contexte-europeen\/\" class=\"simple\">La place de la France dans le contexte europ\u00e9en<\/a><\/li><li><a href=\"https:\/\/france-actu.eu\/blog\/a-la-une\/les-politiques-de-la-ville-et-linclusion-sociale\/\" class=\"simple\">Les politiques de la ville et l&#039;inclusion sociale<\/a><\/li><li><a href=\"https:\/\/france-actu.eu\/blog\/a-la-une\/limpact-des-nouvelles-technologies-sur-le-travail-en-france\/\" class=\"simple\">L&#039;impact des nouvelles technologies sur le travail en France<\/a><\/li><li><a href=\"https:\/\/france-actu.eu\/blog\/a-la-une\/les-metiers-de-la-finance-guide-complet-des-carrieres-et-perspectives\/\" class=\"simple\">Les M\u00e9tiers de la Finance : Guide Complet des Carri\u00e8res et Perspectives<\/a><\/li><li><a href=\"https:\/\/france-actu.eu\/blog\/a-la-une\/les-rivalites-sportives-qui-animent-la-france\/\" class=\"simple\">Les rivalit\u00e9s sportives qui animent la France<\/a><\/li><li><a href=\"https:\/\/france-actu.eu\/blog\/a-la-une\/le-cinema-francais-sur-la-scene-internationale-en-2023\/\" class=\"simple\">Le cin\u00e9ma fran\u00e7ais sur la sc\u00e8ne internationale en 2023<\/a><\/li><li><a href=\"https:\/\/france-actu.eu\/blog\/a-la-une\/les-entreprises-francaises-qui-marquent-leconomie-mondiale\/\" class=\"simple\">Les entreprises fran\u00e7aises qui marquent l&#039;\u00e9conomie mondiale<\/a><\/li><li><a href=\"https:\/\/france-actu.eu\/blog\/a-la-une\/politique-etrangere-de-la-france-un-regard-critique\/\" class=\"simple\">Politique \u00e9trang\u00e8re de la France : un regard critique<\/a><\/li><li><a href=\"https:\/\/france-actu.eu\/blog\/a-la-une\/limpact-du-numerique-sur-leconomie-francaise\/\" class=\"simple\">L&#039;impact du num\u00e9rique sur l&#039;\u00e9conomie fran\u00e7aise<\/a><\/li><li><a href=\"https:\/\/france-actu.eu\/blog\/a-la-une\/culture-francaise-un-heritage-qui-perdure\/\" class=\"simple\">Culture fran\u00e7aise : Un h\u00e9ritage qui perdure<\/a><\/li><li><a href=\"https:\/\/france-actu.eu\/blog\/a-la-une\/la-montee-en-puissance-du-football-feminin-en-france\/\" class=\"simple\">La mont\u00e9e en puissance du football f\u00e9minin en France<\/a><\/li><li><a href=\"https:\/\/france-actu.eu\/blog\/a-la-une\/festivals-culturels-a-ne-pas-manquer-en-france\/\" class=\"simple\">Festivals culturels \u00e0 ne pas manquer en France<\/a><\/li><li><a href=\"https:\/\/france-actu.eu\/blog\/a-la-une\/analyse-des-chiffres-de-leconomie-francaise-en-2023\/\" class=\"simple\">Analyse des chiffres de l&#039;\u00e9conomie fran\u00e7aise en 2023<\/a><\/li><li><a href=\"https:\/\/france-actu.eu\/blog\/a-la-une\/reformes-politiques-ce-qui-change-pour-les-citoyens\/\" class=\"simple\">R\u00e9formes politiques : Ce qui change pour les citoyens<\/a><\/li><li><a href=\"https:\/\/france-actu.eu\/blog\/a-la-une\/les-start-ups-francaises-qui-revolutionnent-le-marche\/\" class=\"simple\">Les start-ups fran\u00e7aises qui r\u00e9volutionnent le march\u00e9<\/a><\/li><li><a href=\"https:\/\/france-actu.eu\/blog\/a-la-une\/les-performances-des-clubs-sportifs-francais-en-2023\/\" class=\"simple\">Les performances des clubs sportifs fran\u00e7ais en 2023<\/a><\/li><li><a href=\"https:\/\/france-actu.eu\/blog\/a-la-une\/lart-contemporain-en-france-un-mouvement-en-evolution\/\" class=\"simple\">L&#039;art contemporain en France : Un mouvement en \u00e9volution<\/a><\/li><li><a href=\"https:\/\/france-actu.eu\/blog\/a-la-une\/economie-circulaire-un-avenir-durable-pour-la-france\/\" class=\"simple\">\u00c9conomie circulaire : Un avenir durable pour la France<\/a><\/li><li><a href=\"https:\/\/france-actu.eu\/blog\/a-la-une\/les-impacts-de-la-politique-europeenne-sur-la-france\/\" class=\"simple\">Les impacts de la politique europ\u00e9enne sur la France<\/a><\/li><li><a href=\"https:\/\/france-actu.eu\/blog\/a-la-une\/elections-en-france-ce-quil-faut-savoir\/\" class=\"simple\">\u00c9lections en France : Ce qu&#039;il faut savoir<\/a><\/li><li><a href=\"https:\/\/france-actu.eu\/blog\/a-la-une\/innovation-technologique-la-france-a-la-pointe\/\" class=\"simple\">Innovation technologique : La France \u00e0 la pointe<\/a><\/li><li><a href=\"https:\/\/france-actu.eu\/blog\/a-la-une\/le-sport-francais-a-lepreuve-des-competitions-internationales\/\" class=\"simple\">Le sport fran\u00e7ais \u00e0 l&#039;\u00e9preuve des comp\u00e9titions internationales<\/a><\/li><li><a href=\"https:\/\/france-actu.eu\/blog\/a-la-une\/les-tendances-culturelles-emergentes-en-france\/\" class=\"simple\">Les tendances culturelles \u00e9mergentes en France<\/a><\/li><li><a href=\"https:\/\/france-actu.eu\/blog\/a-la-une\/analyse-des-enjeux-economiques-actuels-en-france\/\" class=\"simple\">Analyse des enjeux \u00e9conomiques actuels en France<\/a><\/li><li><a href=\"https:\/\/france-actu.eu\/blog\/a-la-une\/les-dernieres-avancees-politiques-en-france\/\" class=\"simple\">Les derni\u00e8res avanc\u00e9es politiques en France<\/a><\/li><\/ul><h2><a href=\"https:\/\/france-actu.eu\/blog\/actualites-nationales\/\" class=\"simple\">Actualit\u00e9s Nationales<\/a><\/h2><ul><li><a href=\"https:\/\/france-actu.eu\/blog\/actualites-nationales\/les-10-mesures-cles-de-janvier-2024-qui-transforment-la-france\/\" class=\"simple\">Les 10 mesures cl\u00e9s de Janvier 2024 qui transforment la France<\/a><\/li><\/ul><h2><a href=\"https:\/\/france-actu.eu\/blog\/economie-et-entreprises\/\" class=\"simple\">\u00c9conomie et Entreprises<\/a><\/h2><ul><li><a href=\"https:\/\/france-actu.eu\/blog\/economie-et-entreprises\/decouvrez-m-secuvie-bien-linnovation-et-lexpertise-qui-redefinissent-la-securite-privee-a-paris\/\" class=\"simple\">D\u00e9couvrez M Secuvie-Bien : L&#039;Innovation et l&#039;Expertise qui Red\u00e9finissent la S\u00e9curit\u00e9 Priv\u00e9e \u00e0 Paris<\/a><\/li><\/ul>\n","protected":false},"excerpt":{"rendered":"","protected":false},"author":34,"featured_media":0,"parent":0,"menu_order":0,"comment_status":"closed","ping_status":"closed","template":"","meta":{"_acf_changed":false,"manual_indexmenow":false,"indexmenow_id_project":0,"footnotes":""},"class_list":["post-66","page","type-page","status-publish"],"acf":[],"yoast_head":"<!-- This site is optimized with the Yoast SEO Premium plugin v21.3 (Yoast SEO v25.6) - https:\/\/yoast.com\/wordpress\/plugins\/seo\/ -->\n<title>Plan du site<\/title>\n<meta name=\"robots\" content=\"index, follow, max-snippet:-1, max-image-preview:large, max-video-preview:-1\" \/>\n<link rel=\"canonical\" href=\"https:\/\/france-actu.eu\/blog\/plan-du-site\/\" \/>\n<meta property=\"og:locale\" content=\"fr_FR\" \/>\n<meta property=\"og:type\" content=\"article\" \/>\n<meta property=\"og:title\" content=\"Plan du site\" \/>\n<meta property=\"og:url\" content=\"https:\/\/france-actu.eu\/blog\/plan-du-site\/\" \/>\n<meta property=\"og:site_name\" content=\"france-actu.eu\" \/>\n<meta name=\"twitter:card\" content=\"summary_large_image\" \/>\n<script type=\"application\/ld+json\" class=\"yoast-schema-graph\">{\"@context\":\"https:\/\/schema.org\",\"@graph\":[{\"@type\":\"WebPage\",\"@id\":\"https:\/\/france-actu.eu\/blog\/plan-du-site\/\",\"url\":\"https:\/\/france-actu.eu\/blog\/plan-du-site\/\",\"name\":\"Plan du site\",\"isPartOf\":{\"@id\":\"https:\/\/france-actu.eu\/blog\/#website\"},\"datePublished\":\"2023-10-11T10:06:52+00:00\",\"inLanguage\":\"fr-FR\",\"potentialAction\":[{\"@type\":\"ReadAction\",\"target\":[\"https:\/\/france-actu.eu\/blog\/plan-du-site\/\"]}]},{\"@type\":\"WebSite\",\"@id\":\"https:\/\/france-actu.eu\/blog\/#website\",\"url\":\"https:\/\/france-actu.eu\/blog\/\",\"name\":\"france-actu.eu\",\"description\":\"France Actu, l&#039;info qui inspire\",\"publisher\":{\"@id\":\"https:\/\/france-actu.eu\/blog\/#organization\"},\"alternateName\":\"France Actu, l'info qui inspire\",\"potentialAction\":[{\"@type\":\"SearchAction\",\"target\":{\"@type\":\"EntryPoint\",\"urlTemplate\":\"https:\/\/france-actu.eu\/blog\/?s={search_term_string}\"},\"query-input\":{\"@type\":\"PropertyValueSpecification\",\"valueRequired\":true,\"valueName\":\"search_term_string\"}}],\"inLanguage\":\"fr-FR\"},{\"@type\":\"Organization\",\"@id\":\"https:\/\/france-actu.eu\/blog\/#organization\",\"name\":\"Foretsensations.fr\",\"url\":\"https:\/\/france-actu.eu\/blog\/\",\"logo\":{\"@type\":\"ImageObject\",\"inLanguage\":\"fr-FR\",\"@id\":\"https:\/\/france-actu.eu\/blog\/#\/schema\/logo\/image\/\",\"url\":\"https:\/\/france-actu.eu\/blog\/wp-content\/uploads\/2024\/12\/16.png\",\"contentUrl\":\"https:\/\/france-actu.eu\/blog\/wp-content\/uploads\/2024\/12\/16.png\",\"width\":512,\"height\":512,\"caption\":\"Foretsensations.fr\"},\"image\":{\"@id\":\"https:\/\/france-actu.eu\/blog\/#\/schema\/logo\/image\/\"}}]}<\/script>\n<!-- \/ Yoast SEO Premium plugin. -->","yoast_head_json":{"title":"Plan du site","robots":{"index":"index","follow":"follow","max-snippet":"max-snippet:-1","max-image-preview":"max-image-preview:large","max-video-preview":"max-video-preview:-1"},"canonical":"https:\/\/france-actu.eu\/blog\/plan-du-site\/","og_locale":"fr_FR","og_type":"article","og_title":"Plan du site","og_url":"https:\/\/france-actu.eu\/blog\/plan-du-site\/","og_site_name":"france-actu.eu","twitter_card":"summary_large_image","schema":{"@context":"https:\/\/schema.org","@graph":[{"@type":"WebPage","@id":"https:\/\/france-actu.eu\/blog\/plan-du-site\/","url":"https:\/\/france-actu.eu\/blog\/plan-du-site\/","name":"Plan du site","isPartOf":{"@id":"https:\/\/france-actu.eu\/blog\/#website"},"datePublished":"2023-10-11T10:06:52+00:00","inLanguage":"fr-FR","potentialAction":[{"@type":"ReadAction","target":["https:\/\/france-actu.eu\/blog\/plan-du-site\/"]}]},{"@type":"WebSite","@id":"https:\/\/france-actu.eu\/blog\/#website","url":"https:\/\/france-actu.eu\/blog\/","name":"france-actu.eu","description":"France Actu, l&#039;info qui inspire","publisher":{"@id":"https:\/\/france-actu.eu\/blog\/#organization"},"alternateName":"France Actu, l'info qui inspire","potentialAction":[{"@type":"SearchAction","target":{"@type":"EntryPoint","urlTemplate":"https:\/\/france-actu.eu\/blog\/?s={search_term_string}"},"query-input":{"@type":"PropertyValueSpecification","valueRequired":true,"valueName":"search_term_string"}}],"inLanguage":"fr-FR"},{"@type":"Organization","@id":"https:\/\/france-actu.eu\/blog\/#organization","name":"Foretsensations.fr","url":"https:\/\/france-actu.eu\/blog\/","logo":{"@type":"ImageObject","inLanguage":"fr-FR","@id":"https:\/\/france-actu.eu\/blog\/#\/schema\/logo\/image\/","url":"https:\/\/france-actu.eu\/blog\/wp-content\/uploads\/2024\/12\/16.png","contentUrl":"https:\/\/france-actu.eu\/blog\/wp-content\/uploads\/2024\/12\/16.png","width":512,"height":512,"caption":"Foretsensations.fr"},"image":{"@id":"https:\/\/france-actu.eu\/blog\/#\/schema\/logo\/image\/"}}]}},"_links":{"self":[{"href":"https:\/\/france-actu.eu\/blog\/wp-json\/wp\/v2\/pages\/66","targetHints":{"allow":["GET"]}}],"collection":[{"href":"https:\/\/france-actu.eu\/blog\/wp-json\/wp\/v2\/pages"}],"about":[{"href":"https:\/\/france-actu.eu\/blog\/wp-json\/wp\/v2\/types\/page"}],"author":[{"embeddable":true,"href":"https:\/\/france-actu.eu\/blog\/wp-json\/wp\/v2\/users\/34"}],"replies":[{"embeddable":true,"href":"https:\/\/france-actu.eu\/blog\/wp-json\/wp\/v2\/comments?post=66"}],"version-history":[{"count":1,"href":"https:\/\/france-actu.eu\/blog\/wp-json\/wp\/v2\/pages\/66\/revisions"}],"predecessor-version":[{"id":67,"href":"https:\/\/france-actu.eu\/blog\/wp-json\/wp\/v2\/pages\/66\/revisions\/67"}],"wp:attachment":[{"href":"https:\/\/france-actu.eu\/blog\/wp-json\/wp\/v2\/media?parent=66"}],"curies":[{"name":"wp","href":"https:\/\/api.w.org\/{rel}","templated":true}]}}