{"id":7522,"date":"2026-04-02T11:04:03","date_gmt":"2026-04-02T09:04:03","guid":{"rendered":"https:\/\/france-actu.eu\/blog\/?page_id=7522"},"modified":"2026-04-02T11:15:20","modified_gmt":"2026-04-02T09:15:20","slug":"a-propos","status":"publish","type":"page","link":"https:\/\/france-actu.eu\/blog\/a-propos\/","title":{"rendered":"A propos"},"content":{"rendered":"<p data-start=\"157\" data-end=\"336\">Le blog <strong data-start=\"165\" data-end=\"180\">France Actu<\/strong> est un <strong data-start=\"188\" data-end=\"233\">magazine en ligne d\u2019actualit\u00e9 g\u00e9n\u00e9raliste<\/strong>. Il propose des articles vari\u00e9s destin\u00e9s \u00e0 informer les lecteurs sur diff\u00e9rents sujets du quotidien.\u00a0Son objectif principal est de rendre l\u2019information <strong data-start=\"392\" data-end=\"441\">accessible, utile et compr\u00e9hensible pour tous<\/strong>.<\/p>\n","protected":false},"excerpt":{"rendered":"","protected":false},"author":34,"featured_media":0,"parent":0,"menu_order":0,"comment_status":"closed","ping_status":"closed","template":"","meta":{"_acf_changed":false,"manual_indexmenow":false,"indexmenow_id_project":0,"footnotes":""},"class_list":["post-7522","page","type-page","status-publish"],"acf":[],"yoast_head":"<!-- This site is optimized with the Yoast SEO Premium plugin v21.3 (Yoast SEO v25.6) - https:\/\/yoast.com\/wordpress\/plugins\/seo\/ -->\n<title>A propos<\/title>\n<meta name=\"description\" content=\"Le blog France Actu est un magazine en ligne d\u2019actualit\u00e9 g\u00e9n\u00e9raliste. Il propose des articles vari\u00e9s destin\u00e9s \u00e0 informer les lecteurs sur diff\u00e9rents\" \/>\n<meta name=\"robots\" content=\"index, follow, max-snippet:-1, max-image-preview:large, max-video-preview:-1\" \/>\n<link rel=\"canonical\" href=\"https:\/\/france-actu.eu\/blog\/a-propos\/\" \/>\n<meta property=\"og:locale\" content=\"fr_FR\" \/>\n<meta property=\"og:type\" content=\"article\" \/>\n<meta property=\"og:title\" content=\"A propos\" \/>\n<meta property=\"og:description\" content=\"Le blog France Actu est un magazine en ligne d\u2019actualit\u00e9 g\u00e9n\u00e9raliste. Il propose des articles vari\u00e9s destin\u00e9s \u00e0 informer les lecteurs sur diff\u00e9rents\" \/>\n<meta property=\"og:url\" content=\"https:\/\/france-actu.eu\/blog\/a-propos\/\" \/>\n<meta property=\"og:site_name\" content=\"france-actu.eu\" \/>\n<meta name=\"twitter:card\" content=\"summary_large_image\" \/>\n<script type=\"application\/ld+json\" class=\"yoast-schema-graph\">{\"@context\":\"https:\/\/schema.org\",\"@graph\":[{\"@type\":\"WebPage\",\"@id\":\"https:\/\/france-actu.eu\/blog\/a-propos\/\",\"url\":\"https:\/\/france-actu.eu\/blog\/a-propos\/\",\"name\":\"A propos\",\"isPartOf\":{\"@id\":\"https:\/\/france-actu.eu\/blog\/#website\"},\"datePublished\":\"2026-04-02T09:04:03+00:00\",\"dateModified\":\"2026-04-02T09:15:20+00:00\",\"description\":\"Le blog France Actu est un magazine en ligne d\u2019actualit\u00e9 g\u00e9n\u00e9raliste. Il propose des articles vari\u00e9s destin\u00e9s \u00e0 informer les lecteurs sur diff\u00e9rents\",\"inLanguage\":\"fr-FR\",\"potentialAction\":[{\"@type\":\"ReadAction\",\"target\":[\"https:\/\/france-actu.eu\/blog\/a-propos\/\"]}]},{\"@type\":\"WebSite\",\"@id\":\"https:\/\/france-actu.eu\/blog\/#website\",\"url\":\"https:\/\/france-actu.eu\/blog\/\",\"name\":\"france-actu.eu\",\"description\":\"France Actu, l&#039;info qui inspire\",\"publisher\":{\"@id\":\"https:\/\/france-actu.eu\/blog\/#organization\"},\"alternateName\":\"France Actu, l'info qui inspire\",\"potentialAction\":[{\"@type\":\"SearchAction\",\"target\":{\"@type\":\"EntryPoint\",\"urlTemplate\":\"https:\/\/france-actu.eu\/blog\/?s={search_term_string}\"},\"query-input\":{\"@type\":\"PropertyValueSpecification\",\"valueRequired\":true,\"valueName\":\"search_term_string\"}}],\"inLanguage\":\"fr-FR\"},{\"@type\":\"Organization\",\"@id\":\"https:\/\/france-actu.eu\/blog\/#organization\",\"name\":\"Foretsensations.fr\",\"url\":\"https:\/\/france-actu.eu\/blog\/\",\"logo\":{\"@type\":\"ImageObject\",\"inLanguage\":\"fr-FR\",\"@id\":\"https:\/\/france-actu.eu\/blog\/#\/schema\/logo\/image\/\",\"url\":\"https:\/\/france-actu.eu\/blog\/wp-content\/uploads\/2024\/12\/16.png\",\"contentUrl\":\"https:\/\/france-actu.eu\/blog\/wp-content\/uploads\/2024\/12\/16.png\",\"width\":512,\"height\":512,\"caption\":\"Foretsensations.fr\"},\"image\":{\"@id\":\"https:\/\/france-actu.eu\/blog\/#\/schema\/logo\/image\/\"}}]}<\/script>\n<!-- \/ Yoast SEO Premium plugin. -->","yoast_head_json":{"title":"A propos","description":"Le blog France Actu est un magazine en ligne d\u2019actualit\u00e9 g\u00e9n\u00e9raliste. Il propose des articles vari\u00e9s destin\u00e9s \u00e0 informer les lecteurs sur diff\u00e9rents","robots":{"index":"index","follow":"follow","max-snippet":"max-snippet:-1","max-image-preview":"max-image-preview:large","max-video-preview":"max-video-preview:-1"},"canonical":"https:\/\/france-actu.eu\/blog\/a-propos\/","og_locale":"fr_FR","og_type":"article","og_title":"A propos","og_description":"Le blog France Actu est un magazine en ligne d\u2019actualit\u00e9 g\u00e9n\u00e9raliste. Il propose des articles vari\u00e9s destin\u00e9s \u00e0 informer les lecteurs sur diff\u00e9rents","og_url":"https:\/\/france-actu.eu\/blog\/a-propos\/","og_site_name":"france-actu.eu","twitter_card":"summary_large_image","schema":{"@context":"https:\/\/schema.org","@graph":[{"@type":"WebPage","@id":"https:\/\/france-actu.eu\/blog\/a-propos\/","url":"https:\/\/france-actu.eu\/blog\/a-propos\/","name":"A propos","isPartOf":{"@id":"https:\/\/france-actu.eu\/blog\/#website"},"datePublished":"2026-04-02T09:04:03+00:00","dateModified":"2026-04-02T09:15:20+00:00","description":"Le blog France Actu est un magazine en ligne d\u2019actualit\u00e9 g\u00e9n\u00e9raliste. Il propose des articles vari\u00e9s destin\u00e9s \u00e0 informer les lecteurs sur diff\u00e9rents","inLanguage":"fr-FR","potentialAction":[{"@type":"ReadAction","target":["https:\/\/france-actu.eu\/blog\/a-propos\/"]}]},{"@type":"WebSite","@id":"https:\/\/france-actu.eu\/blog\/#website","url":"https:\/\/france-actu.eu\/blog\/","name":"france-actu.eu","description":"France Actu, l&#039;info qui inspire","publisher":{"@id":"https:\/\/france-actu.eu\/blog\/#organization"},"alternateName":"France Actu, l'info qui inspire","potentialAction":[{"@type":"SearchAction","target":{"@type":"EntryPoint","urlTemplate":"https:\/\/france-actu.eu\/blog\/?s={search_term_string}"},"query-input":{"@type":"PropertyValueSpecification","valueRequired":true,"valueName":"search_term_string"}}],"inLanguage":"fr-FR"},{"@type":"Organization","@id":"https:\/\/france-actu.eu\/blog\/#organization","name":"Foretsensations.fr","url":"https:\/\/france-actu.eu\/blog\/","logo":{"@type":"ImageObject","inLanguage":"fr-FR","@id":"https:\/\/france-actu.eu\/blog\/#\/schema\/logo\/image\/","url":"https:\/\/france-actu.eu\/blog\/wp-content\/uploads\/2024\/12\/16.png","contentUrl":"https:\/\/france-actu.eu\/blog\/wp-content\/uploads\/2024\/12\/16.png","width":512,"height":512,"caption":"Foretsensations.fr"},"image":{"@id":"https:\/\/france-actu.eu\/blog\/#\/schema\/logo\/image\/"}}]}},"_links":{"self":[{"href":"https:\/\/france-actu.eu\/blog\/wp-json\/wp\/v2\/pages\/7522","targetHints":{"allow":["GET"]}}],"collection":[{"href":"https:\/\/france-actu.eu\/blog\/wp-json\/wp\/v2\/pages"}],"about":[{"href":"https:\/\/france-actu.eu\/blog\/wp-json\/wp\/v2\/types\/page"}],"author":[{"embeddable":true,"href":"https:\/\/france-actu.eu\/blog\/wp-json\/wp\/v2\/users\/34"}],"replies":[{"embeddable":true,"href":"https:\/\/france-actu.eu\/blog\/wp-json\/wp\/v2\/comments?post=7522"}],"version-history":[{"count":3,"href":"https:\/\/france-actu.eu\/blog\/wp-json\/wp\/v2\/pages\/7522\/revisions"}],"predecessor-version":[{"id":7528,"href":"https:\/\/france-actu.eu\/blog\/wp-json\/wp\/v2\/pages\/7522\/revisions\/7528"}],"wp:attachment":[{"href":"https:\/\/france-actu.eu\/blog\/wp-json\/wp\/v2\/media?parent=7522"}],"curies":[{"name":"wp","href":"https:\/\/api.w.org\/{rel}","templated":true}]}}